{"id":18,"date":"2016-10-31T09:40:36","date_gmt":"2016-10-31T08:40:36","guid":{"rendered":"http:\/\/www.pavihard.it\/?page_id=18"},"modified":"2023-06-20T09:02:32","modified_gmt":"2023-06-20T07:02:32","slug":"manutenzione-semplice-e-pratica","status":"publish","type":"page","link":"https:\/\/www.pavihard.it\/?page_id=18","title":{"rendered":"\/ MANUTENZIONE SEMPLICE E PRATICA"},"content":{"rendered":"<p><img loading=\"lazy\" decoding=\"async\" src=\"http:\/\/www.pavihard.it\/wp-content\/uploads\/2016\/11\/MANUT.jpg\" alt=\"manut\" width=\"1900\" height=\"675\" class=\"alignnone size-full wp-image-221\" srcset=\"https:\/\/www.pavihard.it\/wp-content\/uploads\/2016\/11\/MANUT.jpg 1900w, https:\/\/www.pavihard.it\/wp-content\/uploads\/2016\/11\/MANUT-300x107.jpg 300w, https:\/\/www.pavihard.it\/wp-content\/uploads\/2016\/11\/MANUT-768x273.jpg 768w, https:\/\/www.pavihard.it\/wp-content\/uploads\/2016\/11\/MANUT-1024x364.jpg 1024w, https:\/\/www.pavihard.it\/wp-content\/uploads\/2016\/11\/MANUT-940x334.jpg 940w\" sizes=\"auto, (max-width: 1900px) 100vw, 1900px\" \/><\/p>\n<p>I nostri consigli e suggerimenti per mantenere belle e pulite le superfici realizzate con il sistema <strong>PAVIHARD<\/strong>:<br \/>\n&gt; \u00e8 sufficiente passare un panno inumidito con acqua sulla superficie da pulire,       con l\u2019aggiunta di poco detersivo per pavimenti<br \/>\nneutro e non schiumoso;<br \/>\n&gt; Pu\u00f2 essere utile trattare periodicamente il pavimento con cere micalizzate autolucidanti in dispersione acquosa.<\/p>\n<p>Si consiglia di usare solo detergenti a Ph neutro non aggressivi.<br \/>\n&gt; Anche se il trattamento in resina protegge il pavimento dalla veloce penetrazione di liquidi caduti accidentalmente,       \u00e8 bene ricordare che tutte le sostanze liquide,     in particolar modo quelle pi\u00f9 utilizzate in ambiente domestico quali vino, olii, aceto, caff\u00e8, devono essere rimosse in fretta da tutte le superfici realizzate con il sistema <strong>PAVIHARD<\/strong> prima che possano penetrare in profondit\u00e0.<\/p>\n","protected":false},"excerpt":{"rendered":"<p>I nostri consigli e suggerimenti per mantenere belle e pulite le superfici realizzate con il sistema PAVIHARD: &gt; \u00e8 sufficiente passare un panno inumidito con acqua sulla superficie da pulire, con l\u2019aggiunta di poco detersivo per pavimenti neutro e non schiumoso; &gt; Pu\u00f2 essere utile trattare periodicamente il pavimento con cere micalizzate autolucidanti in dispersione [&hellip;]<\/p>\n","protected":false},"author":1,"featured_media":0,"parent":6,"menu_order":2,"comment_status":"closed","ping_status":"closed","template":"page-full-width.php","meta":{"footnotes":""},"class_list":["post-18","page","type-page","status-publish","hentry"],"_links":{"self":[{"href":"https:\/\/www.pavihard.it\/index.php?rest_route=\/wp\/v2\/pages\/18","targetHints":{"allow":["GET"]}}],"collection":[{"href":"https:\/\/www.pavihard.it\/index.php?rest_route=\/wp\/v2\/pages"}],"about":[{"href":"https:\/\/www.pavihard.it\/index.php?rest_route=\/wp\/v2\/types\/page"}],"author":[{"embeddable":true,"href":"https:\/\/www.pavihard.it\/index.php?rest_route=\/wp\/v2\/users\/1"}],"replies":[{"embeddable":true,"href":"https:\/\/www.pavihard.it\/index.php?rest_route=%2Fwp%2Fv2%2Fcomments&post=18"}],"version-history":[{"count":9,"href":"https:\/\/www.pavihard.it\/index.php?rest_route=\/wp\/v2\/pages\/18\/revisions"}],"predecessor-version":[{"id":345,"href":"https:\/\/www.pavihard.it\/index.php?rest_route=\/wp\/v2\/pages\/18\/revisions\/345"}],"up":[{"embeddable":true,"href":"https:\/\/www.pavihard.it\/index.php?rest_route=\/wp\/v2\/pages\/6"}],"wp:attachment":[{"href":"https:\/\/www.pavihard.it\/index.php?rest_route=%2Fwp%2Fv2%2Fmedia&parent=18"}],"curies":[{"name":"wp","href":"https:\/\/api.w.org\/{rel}","templated":true}]}}